{"id":2211,"date":"2020-05-12T23:16:30","date_gmt":"2020-05-12T23:16:30","guid":{"rendered":"http:\/\/tiendadeltahome.com\/?post_type=product&#038;p=2211"},"modified":"2020-05-12T23:16:30","modified_gmt":"2020-05-12T23:16:30","slug":"parrillera-oster","status":"publish","type":"product","link":"https:\/\/tiendadeltahome.com\/shop\/product\/parrillera-oster\/","title":{"rendered":"Parrillera Oster"},"content":{"rendered":"<ul>\n<li>Recubrimiento de cer\u00e1mica natural Bioceramic\u00ae.<\/li>\n<li>Superficie lisa y acanalada.<\/li>\n<li>Tapa de vidrio refractario resistente al calor.<\/li>\n<li>Superficie de cocci\u00f3n de 25&#215;35 cm.<\/li>\n<li>Bandeja de goteo extra\u00edble para recoger la grasa y el aceite y cocinar m\u00e1s saludable.<\/li>\n<li>Control de temperatura extra\u00edble y base, placa de cocci\u00f3n, tapa y bandeja de goteo sumergibles en agua y lavables en lavavajillas para una f\u00e1cil limpieza.<\/li>\n<li>Dise\u00f1o vertical para ahorrar espacio y facilitar el almacenamiento.<\/li>\n<li>Aplicaciones cromado cepillado.<\/li>\n<li>Potencia de 1500 Watts.<\/li>\n<\/ul>\n<p>Modelo:CKSTGR3006<\/p>\n\n    <div class=\"xs_social_share_widget xs_share_url after_content \t\tmain_content  wslu-style-1 wslu-share-box-shaped wslu-fill-colored wslu-none wslu-share-horizontal wslu-theme-font-no wslu-main_content\">\n\n\t\t\n        <ul>\n\t\t\t        <\/ul>\n    <\/div> \n","protected":false},"excerpt":{"rendered":"<ul>\n<li>Recubrimiento de cer\u00e1mica natural Bioceramic\u00ae.<\/li>\n<li>Superficie lisa y acanalada.<\/li>\n<li>Tapa de vidrio refractario resistente al calor.<\/li>\n<li>Superficie de cocci\u00f3n de 25&#215;35 cm.<\/li>\n<\/ul>\n","protected":false},"featured_media":2212,"comment_status":"open","ping_status":"closed","template":"","meta":[],"product_brand":[],"product_cat":[81,97],"product_tag":[],"class_list":{"0":"post-2211","1":"product","2":"type-product","3":"status-publish","4":"has-post-thumbnail","6":"product_cat-linea-menor","7":"product_cat-parrillera","9":"first","10":"instock","11":"shipping-taxable","12":"product-type-simple"},"post_mailing_queue_ids":[],"_links":{"self":[{"href":"https:\/\/tiendadeltahome.com\/shop\/wp-json\/wp\/v2\/product\/2211","targetHints":{"allow":["GET"]}}],"collection":[{"href":"https:\/\/tiendadeltahome.com\/shop\/wp-json\/wp\/v2\/product"}],"about":[{"href":"https:\/\/tiendadeltahome.com\/shop\/wp-json\/wp\/v2\/types\/product"}],"replies":[{"embeddable":true,"href":"https:\/\/tiendadeltahome.com\/shop\/wp-json\/wp\/v2\/comments?post=2211"}],"wp:featuredmedia":[{"embeddable":true,"href":"https:\/\/tiendadeltahome.com\/shop\/wp-json\/wp\/v2\/media\/2212"}],"wp:attachment":[{"href":"https:\/\/tiendadeltahome.com\/shop\/wp-json\/wp\/v2\/media?parent=2211"}],"wp:term":[{"taxonomy":"product_brand","embeddable":true,"href":"https:\/\/tiendadeltahome.com\/shop\/wp-json\/wp\/v2\/product_brand?post=2211"},{"taxonomy":"product_cat","embeddable":true,"href":"https:\/\/tiendadeltahome.com\/shop\/wp-json\/wp\/v2\/product_cat?post=2211"},{"taxonomy":"product_tag","embeddable":true,"href":"https:\/\/tiendadeltahome.com\/shop\/wp-json\/wp\/v2\/product_tag?post=2211"}],"curies":[{"name":"wp","href":"https:\/\/api.w.org\/{rel}","templated":true}]}}