{"id":2145,"date":"2020-05-12T20:23:27","date_gmt":"2020-05-12T20:23:27","guid":{"rendered":"http:\/\/tiendadeltahome.com\/?post_type=product&#038;p=2145"},"modified":"2020-05-12T20:23:27","modified_gmt":"2020-05-12T20:23:27","slug":"air-fryer-2qt-azul-brentwood","status":"publish","type":"product","link":"http:\/\/tiendadeltahome.com\/shop\/product\/air-fryer-2qt-azul-brentwood\/","title":{"rendered":"Air fryer 2Qt azul Brentwood"},"content":{"rendered":"<ul>\n<li>2 cuartos de capacidad.<\/li>\n<li>Saludable, usa poco o nada de aceite.<\/li>\n<li>Cocci\u00f3n r\u00e1pida y uniforme con circulaci\u00f3n de aire caliente.<\/li>\n<li>Temporizador de 30 minutos con apagado autom\u00e1tico.<\/li>\n<li>Temperatura ajustable de 175 a 400 grados.<\/li>\n<li>Superficie antiadherente f\u00e1cil de limpiar.<\/li>\n<li>Cool Touch, cesta de fre\u00edr extra\u00edble y bandeja de goteo.<\/li>\n<li>Almacenamiento de cable.<\/li>\n<li>Color: azul polvo.<\/li>\n<li>Potencia: 800 w.<\/li>\n<li>C\u00f3digo de aprobaci\u00f3n: cETL.<\/li>\n<\/ul>\n<p>Modelo: BWAF200BL<\/p>\n\n    <div class=\"xs_social_share_widget xs_share_url after_content \t\tmain_content  wslu-style-1 wslu-share-box-shaped wslu-fill-colored wslu-none wslu-share-horizontal wslu-theme-font-no wslu-main_content\">\n\n\t\t\n        <ul>\n\t\t\t        <\/ul>\n    <\/div> \n","protected":false},"excerpt":{"rendered":"<ul>\n<li>2 cuartos de capacidad.<\/li>\n<li>Saludable, usa poco o nada de aceite.<\/li>\n<li>Cocci\u00f3n r\u00e1pida y uniforme con circulaci\u00f3n de aire caliente.<\/li>\n<li>Temporizador de 30 minutos con apagado autom\u00e1tico.<\/li>\n<\/ul>\n","protected":false},"featured_media":2146,"comment_status":"open","ping_status":"closed","template":"","meta":[],"product_brand":[],"product_cat":[91,81],"product_tag":[],"class_list":{"0":"post-2145","1":"product","2":"type-product","3":"status-publish","4":"has-post-thumbnail","6":"product_cat-air-fryer","7":"product_cat-linea-menor","9":"first","10":"instock","11":"shipping-taxable","12":"product-type-simple"},"post_mailing_queue_ids":[],"_links":{"self":[{"href":"http:\/\/tiendadeltahome.com\/shop\/wp-json\/wp\/v2\/product\/2145","targetHints":{"allow":["GET"]}}],"collection":[{"href":"http:\/\/tiendadeltahome.com\/shop\/wp-json\/wp\/v2\/product"}],"about":[{"href":"http:\/\/tiendadeltahome.com\/shop\/wp-json\/wp\/v2\/types\/product"}],"replies":[{"embeddable":true,"href":"http:\/\/tiendadeltahome.com\/shop\/wp-json\/wp\/v2\/comments?post=2145"}],"wp:featuredmedia":[{"embeddable":true,"href":"http:\/\/tiendadeltahome.com\/shop\/wp-json\/wp\/v2\/media\/2146"}],"wp:attachment":[{"href":"http:\/\/tiendadeltahome.com\/shop\/wp-json\/wp\/v2\/media?parent=2145"}],"wp:term":[{"taxonomy":"product_brand","embeddable":true,"href":"http:\/\/tiendadeltahome.com\/shop\/wp-json\/wp\/v2\/product_brand?post=2145"},{"taxonomy":"product_cat","embeddable":true,"href":"http:\/\/tiendadeltahome.com\/shop\/wp-json\/wp\/v2\/product_cat?post=2145"},{"taxonomy":"product_tag","embeddable":true,"href":"http:\/\/tiendadeltahome.com\/shop\/wp-json\/wp\/v2\/product_tag?post=2145"}],"curies":[{"name":"wp","href":"https:\/\/api.w.org\/{rel}","templated":true}]}}