{"id":2129,"date":"2020-05-12T19:54:39","date_gmt":"2020-05-12T19:54:39","guid":{"rendered":"http:\/\/tiendadeltahome.com\/?post_type=product&#038;p=2129"},"modified":"2020-05-12T19:54:39","modified_gmt":"2020-05-12T19:54:39","slug":"cafetera-12-tazas-oster","status":"publish","type":"product","link":"http:\/\/tiendadeltahome.com\/shop\/product\/cafetera-12-tazas-oster\/","title":{"rendered":"Cafetera 12  tazas Oster"},"content":{"rendered":"<ul>\n<li>La funci\u00f3n de conveniencia-pausa y servicio de la primera taza le permite verter una taza mientras el caf\u00e9 se est\u00e1 preparando.<\/li>\n<li>Gran ventana de agua para un llenado r\u00e1pido y f\u00e1cil.<\/li>\n<li>Placa calentadora antiadherente.<\/li>\n<li>Bot\u00f3n encendido \u201cEncendido\u201d.<\/li>\n<li>Almacenamiento de cables.<\/li>\n<li>Cesta de filtro y jarra de seguridad para lavavajillas.<\/li>\n<li>Disponible en color gris modelo BVSTDCDW12W.<\/li>\n<\/ul>\n<p>Modelo: BVSTDCDW12B<\/p>\n\n    <div class=\"xs_social_share_widget xs_share_url after_content \t\tmain_content  wslu-style-1 wslu-share-box-shaped wslu-fill-colored wslu-none wslu-share-horizontal wslu-theme-font-no wslu-main_content\">\n\n\t\t\n        <ul>\n\t\t\t        <\/ul>\n    <\/div> \n","protected":false},"excerpt":{"rendered":"<ul>\n<li>La funci\u00f3n de conveniencia-pausa y servicio de la primera taza le permite verter una taza mientras el caf\u00e9 se est\u00e1 preparando.<\/li>\n<li>Gran ventana de agua para un llenado r\u00e1pido y f\u00e1cil.<\/li>\n<li>Placa calentadora antiadherente.<\/li>\n<\/ul>\n","protected":false},"featured_media":2130,"comment_status":"open","ping_status":"closed","template":"","meta":[],"product_brand":[],"product_cat":[86,81],"product_tag":[],"class_list":{"0":"post-2129","1":"product","2":"type-product","3":"status-publish","4":"has-post-thumbnail","6":"product_cat-cafetera","7":"product_cat-linea-menor","9":"first","10":"instock","11":"shipping-taxable","12":"product-type-simple"},"post_mailing_queue_ids":[],"_links":{"self":[{"href":"http:\/\/tiendadeltahome.com\/shop\/wp-json\/wp\/v2\/product\/2129","targetHints":{"allow":["GET"]}}],"collection":[{"href":"http:\/\/tiendadeltahome.com\/shop\/wp-json\/wp\/v2\/product"}],"about":[{"href":"http:\/\/tiendadeltahome.com\/shop\/wp-json\/wp\/v2\/types\/product"}],"replies":[{"embeddable":true,"href":"http:\/\/tiendadeltahome.com\/shop\/wp-json\/wp\/v2\/comments?post=2129"}],"wp:featuredmedia":[{"embeddable":true,"href":"http:\/\/tiendadeltahome.com\/shop\/wp-json\/wp\/v2\/media\/2130"}],"wp:attachment":[{"href":"http:\/\/tiendadeltahome.com\/shop\/wp-json\/wp\/v2\/media?parent=2129"}],"wp:term":[{"taxonomy":"product_brand","embeddable":true,"href":"http:\/\/tiendadeltahome.com\/shop\/wp-json\/wp\/v2\/product_brand?post=2129"},{"taxonomy":"product_cat","embeddable":true,"href":"http:\/\/tiendadeltahome.com\/shop\/wp-json\/wp\/v2\/product_cat?post=2129"},{"taxonomy":"product_tag","embeddable":true,"href":"http:\/\/tiendadeltahome.com\/shop\/wp-json\/wp\/v2\/product_tag?post=2129"}],"curies":[{"name":"wp","href":"https:\/\/api.w.org\/{rel}","templated":true}]}}